{"id":76,"date":"2024-09-03T12:59:57","date_gmt":"2024-09-03T12:59:57","guid":{"rendered":"http:\/\/localhost:8080\/?page_id=76"},"modified":"2024-09-09T13:36:52","modified_gmt":"2024-09-09T13:36:52","slug":"datenschutz","status":"publish","type":"page","link":"https:\/\/herrenhaus-ahrensburg.de\/?page_id=76","title":{"rendered":"Datenschutz"},"content":{"rendered":"<section class=\"content-main container block-group\">\n<div class=\"content-main--inner\">\n<div class=\"content--wrapper\">\n<div class=\"custom-page--content content block\">\n<div class=\"content--custom container\">\n<h1 style=\"font-size: 30px; font-weight: 400; text-transform:uppercase\" class=\"custom-page--tab-headline\">Datenschutz<\/h1>\n<p style=\"font-size: 13px; font-weight: 400;\"><strong>Datenschutzerkl\u00e4rung Herrenhaus Ahrensburg<\/strong><\/p>\n<p style=\"font-size: 13px; font-weight: 400;\">&nbsp;<\/p>\n<p style=\"font-size: 13px; font-weight: 400;\">Vielen Dank f\u00fcr Ihr Interesse an unserer Website. Wir legen gro\u00dfen Wert auf den<br \/>Schutz von pers\u00f6nlichen Daten und Ihrer Privatsph\u00e4re. Aus diesem Grund erheben wir<br \/>nur solche Daten, die wir f\u00fcr die Ausf\u00fchrung unserer Leistungen auch ben\u00f6tigen.<br \/>Im Folgenden informieren wir Sie dar\u00fcber, welche personenbezogenen Daten wir f\u00fcr<br \/>unsere Dienste ben\u00f6tigen, zu welchem Zweck und in welchem Umfang wir diese<br \/>verarbeiten.<\/p>\n<p style=\"font-size: 13px; font-weight: 400;\">&nbsp;<\/p>\n<p style=\"font-size: 13px; font-weight: 400;\">Wir erheben personenbezogene Daten nur sofern erforderlich und in geringem<br \/>Umfang:<br \/>\u2022 f\u00fcr die Erbringung unserer Leistung<br \/>\u2022 f\u00fcr die Bearbeitung und Beantwortung von Anfragen (Event-Anmeldeformular)<\/p>\n<p style=\"font-size: 13px; font-weight: 400;\">&nbsp;<\/p>\n<p style=\"font-size: 13px; font-weight: 400;\"><strong><ins>1) Erhebung personenbezogener Daten bei Nutzung unserer Website<\/ins><\/strong><br \/>Sie k\u00f6nnen unsere Website grunds\u00e4tzlich besuchen, ohne sich zu identifizieren.<br \/>Lediglich Cookies zur Auswertung unserer Dienste werden bei Besuch unserer Website<br \/>gespeichert.<\/p>\n<p style=\"font-size: 13px; font-weight: 400;\">&nbsp;<\/p>\n<p style=\"font-size: 13px; font-weight: 400;\"><strong><ins>2) Verarbeitung sonstiger personenbezogener Daten<\/ins><\/strong><br \/>Aus technischen Gr\u00fcnden speichern wir alle Informationen, die Sie uns \u00fcber das Event-<br \/>Anmeldeformular oder per E-Mail freiwillig \u00fcbermitteln.<\/p>\n<p style=\"font-size: 13px; font-weight: 400;\">&nbsp;<\/p>\n<p style=\"font-size: 13px; font-weight: 400;\"><strong><ins>2.1) Event-Anmeldeformular<\/ins><\/strong><br \/>Im Event-Anmeldeformular eingegebene Daten wie beispielsweise Vor- und Nachname,<br \/>E-Mail Adresse und Telefonnummer (Angabe freiwillig) verwenden wir ausschlie\u00dflich,<br \/>damit Sie mit uns in Kontakt treten k\u00f6nnen.<\/p>\n<p style=\"font-size: 13px; font-weight: 400;\">&nbsp;<\/p>\n<p style=\"font-size: 13px; font-weight: 400;\"><strong><ins>3) Cookies<\/ins><\/strong><br \/>Bei dem Besuch unserer Website werden Internet-Cookies auf Ihrem Rechner<br \/>gespeichert. Cookies sind kleine Textdateien, die auf Ihrer Festplatte dem von Ihnen<br \/>verwendeten Browser zugeordnet gespeichert werden und stellen eine sehr weit<br \/>verbreitete Technologie dar. Wir verwenden Cookies, um Sie als einen Besucher zu<br \/>erkennen, wenn Sie unsere Seite aufrufen. Cookies erm\u00f6glichen es, insbesondere<br \/>Nutzungsh\u00e4ufigkeit und Nutzeranzahl der Seiten zu ermitteln, Verhaltensweisen der<br \/>Seitennutzung zu analysieren, aber auch unser Angebot kundenfreundlicher zu<br \/>gestalten. Cookies bleiben \u00fcber das Ende einer Browser-Sitzung gespeichert und<br \/>k\u00f6nnen bei einem erneuten Seitenbesuch wieder aufgerufen werden. Der Cookie<br \/>enth\u00e4lt keine Daten, die einen R\u00fcckschluss auf Ihre Identit\u00e4t erm\u00f6glichen. Eine<br \/>Zusammenf\u00fchrung mit von Ihnen zur Verf\u00fcgung gestellten personenbezogenen Daten<br \/>erfolgt nicht. Sie k\u00f6nnen Ihre Browser-Einstellung entsprechend Ihren W\u00fcnschen<br \/>konfigurieren und die Annahme von Cookies ablehnen. \u00dcberdies k\u00f6nnen Sie der<br \/>Erstellung eines Nutzungsprofils mithilfe von Cookies jederzeit widersprechen. Wir<br \/>weisen Sie jedoch daraufhin, dass Sie dann eventuell nicht alle Funktionen dieser<br \/>Website nutzen k\u00f6nnen.<\/p>\n<p style=\"font-size: 13px; font-weight: 400;\">&nbsp;<\/p>\n<p style=\"font-size: 13px; font-weight: 400;\"><strong><ins>4) Auskunftsrechte<\/ins><\/strong><br \/>Gem\u00e4\u00df dem Bundesdatenschutzgesetz hat jeder Nutzer unserer Website das Recht<br \/>auf Auskunft \u00fcber seine gespeicherten Daten, sowie ein Recht auf Berichtigung,<br \/>Sperrung oder L\u00f6schung dieser Daten.<br \/>Mithilfe unserer Kontaktdaten im Impressum oder unter Kontakt k\u00f6nnen Sie ihre Rechte jederzeit wahrnehmen.<br \/>Wir verpflichten uns, die Rechte des Kunden binnen eines Monats umzusetzen.<\/p>\n<p style=\"font-size: 13px; font-weight: 400;\">&nbsp;<\/p>\n<p style=\"font-size: 13px; font-weight: 400;\"><strong><ins>5) Datensicherheit<\/ins><\/strong><br \/>Wir sichern unsere Website und sonstigen Systeme durch geeignete technische und<br \/>organisatorische Ma\u00dfnahmen gegen Verlust, Zerst\u00f6rung, Zugriff, Ver\u00e4nderung oder<br \/>Verbreitung von Nutzerdaten durch unbefugte Personen.<\/p>\n<p style=\"font-size: 13px; font-weight: 400;\">&nbsp;<\/p>\n<p style=\"font-size: 13px; font-weight: 400;\"><strong><ins>6) Haftungshinweis<\/ins><\/strong><br \/>Wir erkl\u00e4ren hiermit ausdr\u00fccklich, dass zum Zeitpunkt der Linksetzung keine illegalen<br \/>Inhalte auf den von uns verlinkten externen Seiten erkennbar waren. Auf die aktuelle<br \/>und zuk\u00fcnftige Gestaltung, die Inhalte oder die Urheberschaft der<br \/>gelinkten\/verkn\u00fcpften Seiten haben wir keinerlei Einfluss. Deshalb distanzieren wir uns<br \/>ausdr\u00fccklich von allen Inhalten aller gelinkten\/verkn\u00fcpften Seiten, die nach der<br \/>Linksetzung ver\u00e4ndert wurden. Diese Feststellung gilt f\u00fcr alle, innerhalb des eigenen<br \/>Internetangebotes, gesetzten Links und Verweise. F\u00fcr illegale, fehlerhafte oder<br \/>unvollst\u00e4ndige Inhalte und insbesondere f\u00fcr Sch\u00e4den, die aus der Nutzung oder<br \/>Nichtnutzung solcherart dargebotener (derartiger) Informationen entstehen, haftet<br \/>allein der Anbieter der Seite, auf welche verwiesen wurde.<\/p>\n<p style=\"font-size: 13px; font-weight: 400;\">&nbsp;<\/p>\n<p style=\"font-size: 13px; font-weight: 400;\"><strong><ins>7) Urheberrecht<\/ins><\/strong><br \/>Die durch die Seitenbetreiber erstellten Inhalte und Werke auf diesen Seiten<br \/>unterliegen dem deutschen Urheberrecht. Die Vervielf\u00e4ltigung, Bearbeitung,<br \/>Verbreitung und jede Art der Verwertung au\u00dferhalb der Grenzen des Urheberrechtes<br \/>bed\u00fcrfen der schriftlichen Zustimmung des jeweiligen Autors bzw. Erstellers.<br \/>Downloads und Kopien dieser Seite sind nur f\u00fcr den privaten, nicht kommerziellen<br \/>Gebrauch gestattet. Soweit die Inhalte auf dieser Seite nicht vom Betreiber erstellt<br \/>wurden, werden die Urheberrechte Dritter beachtet. Insbesondere werden Inhalte<br \/>Dritter als solche gekennzeichnet. Sollten sie trotzdem auf eine<br \/>Urheberrechtsverletzung aufmerksam werden, bitten wir um einen entsprechenden<br \/>Hinweis. Bei Bekanntwerden von Rechtsverletzungen werden wir derartige Inhalte<br \/>umgehend entfernen.<\/p>\n<p style=\"font-size: 13px; font-weight: 400;\">&nbsp;<\/p>\n<p style=\"font-size: 13px; font-weight: 400;\"><strong><ins>8) Statistische Auswertungen<\/ins><\/strong><br \/>Wir speichern personenbezogene Daten lediglich zur Nutzung unserer Dienste. Um<br \/>unseren Onlinedienst stetig weiterzuentwickeln und zu verbessern, werten wir<br \/>statistische Daten mithilfe eines Analysetools aus. Diese Daten lassen dabei keinen<br \/>R\u00fcckschluss auf die einzelne nat\u00fcrliche Person zu.<\/p>\n<p style=\"font-size: 13px; font-weight: 400;\">&nbsp;<\/p>\n<p style=\"font-size: 13px; font-weight: 400;\"><span style=\"text-decoration: underline;\"><strong>9) Virtueller 360 Grad Rundgang<\/strong><\/span><\/p>\n<p>Diese Seite bindet einen virtuellen 360 Grad Rundgang ein. Anbieter ist Durch die Stadt GmbH, Wei\u00dfenseer Weg 37, 13055 Berlin.<\/p>\n<p style=\"font-size: 13px; font-weight: 400;\">Wenn Sie eine unserer mit dem virtuellen 360 Grad Rundgang ausgestatteten Seite besuchen, wird eine Verbindung zu den Servern von Durch die Stadt GmbH hergestellt.<\/p>\n<p style=\"font-size: 13px; font-weight: 400;\">Die Nutzung des virtuellen 360 Grad Rundgangs erfolgt im Interesse einer ansprechenden Darstellung unserer Online-Angebote und an einer leichten Auffindbarkeit der von uns auf der Website angegebenen Orte. Dies stellt ein berechtigtes Interesse im Sinne von Art. 6 Abs. 1 lit. f DSGVO dar.<\/p>\n<p style=\"font-size: 13px; font-weight: 400;\"><strong>&gt;Analyse-Tool: Matomo<\/strong><\/p>\n<p style=\"font-size: 13px; font-weight: 400;\">Der virtuelle 360 Grad Rundgang benutzt den Open Source Webanalysedienst Matomo. Matomo wird so verwendet, dass keine Cookies gesetzt werden. Die IP-Adresse wird vor der Speicherung anonymisiert.<\/p>\n<p style=\"font-size: 13px; font-weight: 400;\">Mehr Informationen zum Umgang mit Nutzerdaten finden Sie in der Datenschutzerkl\u00e4rung von der Durch die Stadt GmbH:<br \/> <a href=\"https:\/\/www.durchdiestadt-agentur.de\/datenschutzbestimmungen\/\" target=\"_blank\" rel=\"nofollow noopener\"> https:\/\/www.durchdiestadt-agentur.de\/datenschutzbestimmungen\/ <\/a>.<\/p>\n<\/div>\n<\/div>\n<\/div>\n<\/div>\n<\/section>\n","protected":false},"excerpt":{"rendered":"<p>Datenschutz Datenschutzerkl\u00e4rung Herrenhaus Ahrensburg &nbsp; Vielen Dank f\u00fcr Ihr Interesse an unserer Website. Wir legen gro\u00dfen Wert auf denSchutz von pers\u00f6nlichen Daten und Ihrer Privatsph\u00e4re. Aus diesem Grund erheben wirnur solche Daten, die wir f\u00fcr die Ausf\u00fchrung unserer Leistungen auch ben\u00f6tigen.Im Folgenden informieren wir Sie dar\u00fcber, welche personenbezogenen Daten wir f\u00fcrunsere Dienste ben\u00f6tigen, zu welchem [&hellip;]<\/p>\n","protected":false},"author":1,"featured_media":0,"parent":0,"menu_order":0,"comment_status":"closed","ping_status":"closed","template":"","meta":{"footnotes":""},"class_list":["post-76","page","type-page","status-publish","hentry"],"blocksy_meta":{"styles_descriptor":{"styles":{"desktop":"","tablet":"","mobile":""},"google_fonts":[],"version":6}},"yoast_head":"<!-- This site is optimized with the Yoast SEO plugin v26.2 - https:\/\/yoast.com\/wordpress\/plugins\/seo\/ -->\n<title>Datenschutz - Herrenhaus-Ahrensburg<\/title>\n<meta name=\"robots\" content=\"index, follow, max-snippet:-1, max-image-preview:large, max-video-preview:-1\" \/>\n<link rel=\"canonical\" href=\"https:\/\/herrenhaus-ahrensburg.de\/?page_id=76\" \/>\n<meta property=\"og:locale\" content=\"en_US\" \/>\n<meta property=\"og:type\" content=\"article\" \/>\n<meta property=\"og:title\" content=\"Datenschutz - Herrenhaus-Ahrensburg\" \/>\n<meta property=\"og:description\" content=\"Datenschutz Datenschutzerkl\u00e4rung Herrenhaus Ahrensburg &nbsp; Vielen Dank f\u00fcr Ihr Interesse an unserer Website. Wir legen gro\u00dfen Wert auf denSchutz von pers\u00f6nlichen Daten und Ihrer Privatsph\u00e4re. Aus diesem Grund erheben wirnur solche Daten, die wir f\u00fcr die Ausf\u00fchrung unserer Leistungen auch ben\u00f6tigen.Im Folgenden informieren wir Sie dar\u00fcber, welche personenbezogenen Daten wir f\u00fcrunsere Dienste ben\u00f6tigen, zu welchem [&hellip;]\" \/>\n<meta property=\"og:url\" content=\"https:\/\/herrenhaus-ahrensburg.de\/?page_id=76\" \/>\n<meta property=\"og:site_name\" content=\"Herrenhaus-Ahrensburg\" \/>\n<meta property=\"article:publisher\" content=\"https:\/\/www.facebook.com\/herrenhausahrensburg\/photos\/?_rdr\" \/>\n<meta property=\"article:modified_time\" content=\"2024-09-09T13:36:52+00:00\" \/>\n<meta property=\"og:image\" content=\"https:\/\/herrenhaus-ahrensburg.de\/wp-content\/uploads\/2024\/09\/herrenhaus-logo.png\" \/>\n\t<meta property=\"og:image:width\" content=\"280\" \/>\n\t<meta property=\"og:image:height\" content=\"134\" \/>\n\t<meta property=\"og:image:type\" content=\"image\/png\" \/>\n<meta name=\"twitter:card\" content=\"summary_large_image\" \/>\n<meta name=\"twitter:label1\" content=\"Est. reading time\" \/>\n\t<meta name=\"twitter:data1\" content=\"4 minutes\" \/>\n<script type=\"application\/ld+json\" class=\"yoast-schema-graph\">{\"@context\":\"https:\/\/schema.org\",\"@graph\":[{\"@type\":\"WebPage\",\"@id\":\"https:\/\/herrenhaus-ahrensburg.de\/?page_id=76\",\"url\":\"https:\/\/herrenhaus-ahrensburg.de\/?page_id=76\",\"name\":\"Datenschutz - Herrenhaus-Ahrensburg\",\"isPartOf\":{\"@id\":\"https:\/\/herrenhaus-ahrensburg.de\/#website\"},\"datePublished\":\"2024-09-03T12:59:57+00:00\",\"dateModified\":\"2024-09-09T13:36:52+00:00\",\"breadcrumb\":{\"@id\":\"https:\/\/herrenhaus-ahrensburg.de\/?page_id=76#breadcrumb\"},\"inLanguage\":\"en-US\",\"potentialAction\":[{\"@type\":\"ReadAction\",\"target\":[\"https:\/\/herrenhaus-ahrensburg.de\/?page_id=76\"]}]},{\"@type\":\"BreadcrumbList\",\"@id\":\"https:\/\/herrenhaus-ahrensburg.de\/?page_id=76#breadcrumb\",\"itemListElement\":[{\"@type\":\"ListItem\",\"position\":1,\"name\":\"Home\",\"item\":\"https:\/\/herrenhaus-ahrensburg.de\/\"},{\"@type\":\"ListItem\",\"position\":2,\"name\":\"Datenschutz\"}]},{\"@type\":\"WebSite\",\"@id\":\"https:\/\/herrenhaus-ahrensburg.de\/#website\",\"url\":\"https:\/\/herrenhaus-ahrensburg.de\/\",\"name\":\"Herrenhaus-Ahrensburg\",\"description\":\"\",\"publisher\":{\"@id\":\"https:\/\/herrenhaus-ahrensburg.de\/#organization\"},\"potentialAction\":[{\"@type\":\"SearchAction\",\"target\":{\"@type\":\"EntryPoint\",\"urlTemplate\":\"https:\/\/herrenhaus-ahrensburg.de\/?s={search_term_string}\"},\"query-input\":{\"@type\":\"PropertyValueSpecification\",\"valueRequired\":true,\"valueName\":\"search_term_string\"}}],\"inLanguage\":\"en-US\"},{\"@type\":\"Organization\",\"@id\":\"https:\/\/herrenhaus-ahrensburg.de\/#organization\",\"name\":\"Herrenhaus-Ahrensburg\",\"url\":\"https:\/\/herrenhaus-ahrensburg.de\/\",\"logo\":{\"@type\":\"ImageObject\",\"inLanguage\":\"en-US\",\"@id\":\"https:\/\/herrenhaus-ahrensburg.de\/#\/schema\/logo\/image\/\",\"url\":\"https:\/\/herrenhaus-ahrensburg.de\/wp-content\/uploads\/2024\/09\/herrenhaus-logo-1.png\",\"contentUrl\":\"https:\/\/herrenhaus-ahrensburg.de\/wp-content\/uploads\/2024\/09\/herrenhaus-logo-1.png\",\"width\":80,\"height\":70,\"caption\":\"Herrenhaus-Ahrensburg\"},\"image\":{\"@id\":\"https:\/\/herrenhaus-ahrensburg.de\/#\/schema\/logo\/image\/\"},\"sameAs\":[\"https:\/\/www.facebook.com\/herrenhausahrensburg\/photos\/?_rdr\",\"https:\/\/www.instagram.com\/herrenhausahrensburg\/?hl=de\"]}]}<\/script>\n<!-- \/ Yoast SEO plugin. -->","yoast_head_json":{"title":"Datenschutz - Herrenhaus-Ahrensburg","robots":{"index":"index","follow":"follow","max-snippet":"max-snippet:-1","max-image-preview":"max-image-preview:large","max-video-preview":"max-video-preview:-1"},"canonical":"https:\/\/herrenhaus-ahrensburg.de\/?page_id=76","og_locale":"en_US","og_type":"article","og_title":"Datenschutz - Herrenhaus-Ahrensburg","og_description":"Datenschutz Datenschutzerkl\u00e4rung Herrenhaus Ahrensburg &nbsp; Vielen Dank f\u00fcr Ihr Interesse an unserer Website. Wir legen gro\u00dfen Wert auf denSchutz von pers\u00f6nlichen Daten und Ihrer Privatsph\u00e4re. Aus diesem Grund erheben wirnur solche Daten, die wir f\u00fcr die Ausf\u00fchrung unserer Leistungen auch ben\u00f6tigen.Im Folgenden informieren wir Sie dar\u00fcber, welche personenbezogenen Daten wir f\u00fcrunsere Dienste ben\u00f6tigen, zu welchem [&hellip;]","og_url":"https:\/\/herrenhaus-ahrensburg.de\/?page_id=76","og_site_name":"Herrenhaus-Ahrensburg","article_publisher":"https:\/\/www.facebook.com\/herrenhausahrensburg\/photos\/?_rdr","article_modified_time":"2024-09-09T13:36:52+00:00","og_image":[{"width":280,"height":134,"url":"https:\/\/herrenhaus-ahrensburg.de\/wp-content\/uploads\/2024\/09\/herrenhaus-logo.png","type":"image\/png"}],"twitter_card":"summary_large_image","twitter_misc":{"Est. reading time":"4 minutes"},"schema":{"@context":"https:\/\/schema.org","@graph":[{"@type":"WebPage","@id":"https:\/\/herrenhaus-ahrensburg.de\/?page_id=76","url":"https:\/\/herrenhaus-ahrensburg.de\/?page_id=76","name":"Datenschutz - Herrenhaus-Ahrensburg","isPartOf":{"@id":"https:\/\/herrenhaus-ahrensburg.de\/#website"},"datePublished":"2024-09-03T12:59:57+00:00","dateModified":"2024-09-09T13:36:52+00:00","breadcrumb":{"@id":"https:\/\/herrenhaus-ahrensburg.de\/?page_id=76#breadcrumb"},"inLanguage":"en-US","potentialAction":[{"@type":"ReadAction","target":["https:\/\/herrenhaus-ahrensburg.de\/?page_id=76"]}]},{"@type":"BreadcrumbList","@id":"https:\/\/herrenhaus-ahrensburg.de\/?page_id=76#breadcrumb","itemListElement":[{"@type":"ListItem","position":1,"name":"Home","item":"https:\/\/herrenhaus-ahrensburg.de\/"},{"@type":"ListItem","position":2,"name":"Datenschutz"}]},{"@type":"WebSite","@id":"https:\/\/herrenhaus-ahrensburg.de\/#website","url":"https:\/\/herrenhaus-ahrensburg.de\/","name":"Herrenhaus-Ahrensburg","description":"","publisher":{"@id":"https:\/\/herrenhaus-ahrensburg.de\/#organization"},"potentialAction":[{"@type":"SearchAction","target":{"@type":"EntryPoint","urlTemplate":"https:\/\/herrenhaus-ahrensburg.de\/?s={search_term_string}"},"query-input":{"@type":"PropertyValueSpecification","valueRequired":true,"valueName":"search_term_string"}}],"inLanguage":"en-US"},{"@type":"Organization","@id":"https:\/\/herrenhaus-ahrensburg.de\/#organization","name":"Herrenhaus-Ahrensburg","url":"https:\/\/herrenhaus-ahrensburg.de\/","logo":{"@type":"ImageObject","inLanguage":"en-US","@id":"https:\/\/herrenhaus-ahrensburg.de\/#\/schema\/logo\/image\/","url":"https:\/\/herrenhaus-ahrensburg.de\/wp-content\/uploads\/2024\/09\/herrenhaus-logo-1.png","contentUrl":"https:\/\/herrenhaus-ahrensburg.de\/wp-content\/uploads\/2024\/09\/herrenhaus-logo-1.png","width":80,"height":70,"caption":"Herrenhaus-Ahrensburg"},"image":{"@id":"https:\/\/herrenhaus-ahrensburg.de\/#\/schema\/logo\/image\/"},"sameAs":["https:\/\/www.facebook.com\/herrenhausahrensburg\/photos\/?_rdr","https:\/\/www.instagram.com\/herrenhausahrensburg\/?hl=de"]}]}},"_links":{"self":[{"href":"https:\/\/herrenhaus-ahrensburg.de\/index.php?rest_route=\/wp\/v2\/pages\/76","targetHints":{"allow":["GET"]}}],"collection":[{"href":"https:\/\/herrenhaus-ahrensburg.de\/index.php?rest_route=\/wp\/v2\/pages"}],"about":[{"href":"https:\/\/herrenhaus-ahrensburg.de\/index.php?rest_route=\/wp\/v2\/types\/page"}],"author":[{"embeddable":true,"href":"https:\/\/herrenhaus-ahrensburg.de\/index.php?rest_route=\/wp\/v2\/users\/1"}],"replies":[{"embeddable":true,"href":"https:\/\/herrenhaus-ahrensburg.de\/index.php?rest_route=%2Fwp%2Fv2%2Fcomments&post=76"}],"version-history":[{"count":32,"href":"https:\/\/herrenhaus-ahrensburg.de\/index.php?rest_route=\/wp\/v2\/pages\/76\/revisions"}],"predecessor-version":[{"id":299,"href":"https:\/\/herrenhaus-ahrensburg.de\/index.php?rest_route=\/wp\/v2\/pages\/76\/revisions\/299"}],"wp:attachment":[{"href":"https:\/\/herrenhaus-ahrensburg.de\/index.php?rest_route=%2Fwp%2Fv2%2Fmedia&parent=76"}],"curies":[{"name":"wp","href":"https:\/\/api.w.org\/{rel}","templated":true}]}}