{"id":20,"date":"2024-09-02T14:28:21","date_gmt":"2024-09-02T14:28:21","guid":{"rendered":"http:\/\/localhost:8080\/?page_id=20"},"modified":"2025-01-02T12:43:29","modified_gmt":"2025-01-02T12:43:29","slug":"kontakt","status":"publish","type":"page","link":"https:\/\/herrenhaus-ahrensburg.de\/?page_id=20","title":{"rendered":"Kontakt"},"content":{"rendered":"<p>&nbsp;<\/p>\n<h1 style=\"text-align: center;\">So finden Sie uns<\/h1>\n<p>&nbsp;<\/p>\n<div class=\"hero--text panel--body is--wide\"><\/div>\n<div class=\"content--emotions\">\n<div class=\"emotion--wrapper is--fullscreen\" style=\"display: block;\" data-controllerurl=\"\/widgets\/emotion\/index\/emotionId\/3\/controllerName\/listing\" data-availabledevices=\"0,1,2,3,4\">\n<section class=\"emotion--container emotion--column-1 emotion--mode-rows emotion--0\" style=\"margin-left: 0rem;\" data-emotion=\"true\" data-gridmode=\"rows\" data-fullscreen=\"true\" data-columns=\"1\" data-cellspacing=\"0\" data-cellheight=\"240\" data-basewidth=\"900\">\n<div class=\"emotion--sizer-xs col--1\" style=\"height: 240px;\" data-rows=\"1\"><\/div>\n<div class=\"emotion--sizer-s col--1\" style=\"height: 240px;\" data-rows=\"1\"><\/div>\n<div class=\"emotion--sizer-m col--1\" style=\"height: 240px;\" data-rows=\"1\"><\/div>\n<div class=\"emotion--sizer-l col--1\" style=\"height: 240px;\" data-rows=\"1\"><\/div>\n<div class=\"emotion--sizer-xl col--1\" style=\"height: 240px;\" data-rows=\"1\"><\/div>\n<div class=\"emotion--sizer col-1\" style=\"height: 240px;\" data-rows=\"1\"><\/div>\n<div class=\"hidden-elements\"><\/div>\n<div class=\"emotion--row row--1\">\n<div class=\"emotion--element col-1 row-1 start-col-1 start-row-1 col-xs-1 start-col-xs-1 row-xs-1 start-row-xs-1 col-s-1 start-col-s-1 row-s-1 start-row-s-1 col-m-1 start-col-m-1 row-m-1 start-row-m-1 col-l-1 start-col-l-1 row-l-1 start-row-l-1 col-xl-1 start-col-xl-1 row-xl-1 start-row-xl-1\" style=\"padding-left: 0rem; padding-bottom: 0rem; margin-left: inherit;\">\n<hr class=\"emotion--quote-delimiter emotion-quote-element quote--beautifier\" \/>\n<\/div>\n<\/div>\n<\/section>\n<\/div>\n<div class=\"emotion--wrapper\" style=\"display: block;\" data-controllerurl=\"\/widgets\/emotion\/index\/emotionId\/4\/controllerName\/listing\" data-availabledevices=\"0,1,2,3,4\">\n<section class=\"emotion--container emotion--column-2 emotion--mode-rows emotion--0\" style=\"margin-left: 0rem;\" data-emotion=\"true\" data-gridmode=\"rows\" data-fullscreen=\"false\" data-columns=\"2\" data-cellspacing=\"0\" data-cellheight=\"240\" data-basewidth=\"900\">\n<div class=\"emotion--sizer-xs col--1\" style=\"height: 480px;\" data-rows=\"2\"><\/div>\n<div class=\"emotion--sizer-s col--1\" style=\"height: 480px;\" data-rows=\"2\"><\/div>\n<div class=\"emotion--sizer-m col--1\" style=\"height: 480px;\" data-rows=\"2\"><\/div>\n<div class=\"emotion--sizer-l col--1\" style=\"height: 480px;\" data-rows=\"2\"><\/div>\n<div class=\"emotion--sizer-xl col--1\" style=\"height: 480px;\" data-rows=\"2\"><\/div>\n<div class=\"emotion--sizer col-1\" style=\"height: 240px;\" data-rows=\"1\"><\/div>\n<div class=\"hidden-elements\"><\/div>\n<div class=\"emotion--row row--1\">\n<div class=\"emotion--element col-1 row-1 start-col-1 start-row-1 col-xs-1 start-col-xs-1 row-xs-1 start-row-xs-1 col-s-1 start-col-s-1 row-s-1 start-row-s-1 col-m-1 start-col-m-1 row-m-1 start-row-m-1 col-l-1 start-col-l-1 row-l-1 start-row-l-1 col-xl-1 start-col-xl-1 row-xl-1 start-row-xl-1\" style=\"padding-left: 0rem; padding-bottom: 0rem; margin-left: inherit; margin-top:-1.47rem \">\n<div class=\"emotion--html panel\">\n<div class=\"html--title panel--title\">\n<h1 class=\"html--headline\">Kontakt<\/h1>\n<\/div>\n<div class=\"html--content panel--body is--wide\">\n<p>T +49 (0) 4102 \/ 498 53 37<\/p>\n<p>F +49 (0) 4102 \/ 498 53 38<\/p>\n<p>info@herrenhaus-ahrensburg.de<\/p>\n<p>\u00d6ffnungszeiten:<\/p>\n<p>Mo-Fr: 10:00 &#8211; 18:00 Uhr<\/p>\n<p>Sa: 10:00 &#8211; 16:00 Uhr<\/p>\n<p>Kundenparkpl\u00e4tze erreichbar \u00fcber Heinz-Beusen-Stieg<\/p>\n<\/div>\n<\/div>\n<\/div>\n<div class=\"emotion--element col-1 row-1 start-col-1 start-row-1 col-xs-1 start-col-xs-2 row-xs-1 start-row-xs-1 col-s-1 start-col-s-2 row-s-1 start-row-s-1 col-m-1 start-col-m-2 row-m-1 start-row-m-1 col-l-1 start-col-l-2 row-l-1 start-row-l-1 col-xl-1 start-col-xl-2 row-xl-1 start-row-xl-1\" style=\"padding-left: 0rem; padding-bottom: 0rem; margin-left: inherit;\">\n<div class=\"emotion--banner\" data-coverimage=\"true\" data-width=\"4375\" data-height=\"2917\">\n<div class=\"banner--content center\"><picture class=\"banner--image\"><source srcset=\"\/wp-content\/uploads\/2024\/09\/kontakt-anfahrt_1050x700_1280x1280@2x.jpeg 800w, \/wp-content\/uploads\/2024\/09\/kontakt-anfahrt_1050x700_1280x1280@2x.jpeg 1280w, \/wp-content\/uploads\/2024\/09\/kontakt-anfahrt_1050x700_1280x1280@2x.jpeg 1920w\" media=\"(min-resolution: 192dpi), (-webkit-min-device-pixel-ratio: 2)\" sizes=\"(min-width: 78.75em) calc(0.5 * 900px), (min-width: 64em) 50vw, (min-width: 48em) 50vw, (min-width: 30em) 50vw, 50vw\" \/><source srcset=\"\/wp-content\/uploads\/2024\/09\/kontakt-anfahrt_1050x700_1280x1280@2x.jpeg 800w, \/wp-content\/uploads\/2024\/09\/kontakt-anfahrt_1050x700_1280x1280@2x.jpeg 1280w, \/wp-content\/uploads\/2024\/09\/kontakt-anfahrt_1050x700_1280x1280@2x.jpeg 1920w\" sizes=\"(min-width: 78.75em) calc(0.5 * 900px), (min-width: 64em) 50vw, (min-width: 48em) 50vw, (min-width: 30em) 50vw, 50vw\" \/><img decoding=\"async\" class=\"banner--image-src\" src=\"\/wp-content\/uploads\/2024\/09\/kontakt-anfahrt_1050x700_1280x1280@2x.jpeg\" srcset=\"\/wp-content\/uploads\/2024\/09\/kontakt-anfahrt_1050x700_1280x1280@2x.jpeg 2x\" \/> <\/picture><\/div>\n<\/div>\n<\/div>\n<\/div>\n<div class=\"emotion--row row--2\">\n<div class=\"emotion--element col-1 row-1 start-col-1 start-row-1 col-xs-1 start-col-xs-1 row-xs-1 start-row-xs-2 col-s-1 start-col-s-1 row-s-1 start-row-s-2 col-m-1 start-col-m-1 row-m-1 start-row-m-2 col-l-1 start-col-l-1 row-l-1 start-row-l-2 col-xl-1 start-col-xl-1 row-xl-1 start-row-xl-2\" style=\"padding-left: 0rem; padding-bottom: 0rem; margin-left: inherit;\">\n<div class=\"emotion--banner\" data-coverimage=\"true\" data-width=\"1050\" data-height=\"700\">\n<div class=\"banner--content center\"><picture class=\"banner--image\"><source srcset=\"\/wp-content\/uploads\/2025\/01\/karte-anfahrt_1050x700-normal_800x800@2x.png 800w, \/wp-content\/uploads\/2025\/01\/karte-anfahrt_1050x700-normal_800x800@2x.png 1280w, \/wp-content\/uploads\/2025\/01\/karte-anfahrt_1050x700-normal_800x800@2x.png 1920w\" media=\"(min-resolution: 192dpi), (-webkit-min-device-pixel-ratio: 2)\" sizes=\"(min-width: 78.75em) calc(0.5 * 900px), (min-width: 64em) 50vw, (min-width: 48em) 50vw, (min-width: 30em) 50vw, 50vw\" \/><source srcset=\"\/wp-content\/uploads\/2025\/01\/karte-anfahrt_1050x700-normal_800x800@2x.png 800w, \/wp-content\/uploads\/2025\/01\/karte-anfahrt_1050x700-normal_800x800@2x.png 1280w, \/wp-content\/uploads\/2025\/01\/karte-anfahrt_1050x700-normal_800x800@2x.png 1920w\" sizes=\"(min-width: 78.75em) calc(0.5 * 900px), (min-width: 64em) 50vw, (min-width: 48em) 50vw, (min-width: 30em) 50vw, 50vw\" \/><img decoding=\"async\" class=\"banner--image-src\" src=\"\/wp-content\/uploads\/2025\/01\/karte-anfahrt_1050x700-normal_800x800@2x.png\" srcset=\"\/wp-content\/uploads\/2025\/01\/karte-anfahrt_1050x700-normal_800x800@2x.png 2x\" \/> <\/picture><\/div>\n<\/div>\n<\/div>\n<div class=\"emotion--element col-1 row-1 start-col-1 start-row-1 col-xs-1 start-col-xs-2 row-xs-1 start-row-xs-2 col-s-1 start-col-s-2 row-s-1 start-row-s-2 col-m-1 start-col-m-2 row-m-1 start-row-m-2 col-l-1 start-col-l-2 row-l-1 start-row-l-2 col-xl-1 start-col-xl-2 row-xl-1 start-row-xl-2\" style=\"padding-left: 0rem; padding-bottom: 0rem; margin-left: inherit;\">\n<div class=\"emotion--html panel\">\n<div class=\"html--title panel--title\">\n<h1 class=\"html--headline\">Adresse<\/h1>\n<\/div>\n<div class=\"html--content panel--body is--wide\">\n<p>Herrenhaus Ahrensburg<\/p>\n<p>Sven Leya | Gesch\u00e4ftsf\u00fchrer<\/p>\n<p>Hagener Allee 15<\/p>\n<p>22926 Ahrensburg<\/p>\n<\/div>\n<\/div>\n<\/div>\n<\/div>\n<\/section>\n<\/div>\n<\/div>\n","protected":false},"excerpt":{"rendered":"<p>&nbsp; So finden Sie uns &nbsp; Kontakt T +49 (0) 4102 \/ 498 53 37 F +49 (0) 4102 \/ 498 53 38 info@herrenhaus-ahrensburg.de \u00d6ffnungszeiten: Mo-Fr: 10:00 &#8211; 18:00 Uhr Sa: 10:00 &#8211; 16:00 Uhr Kundenparkpl\u00e4tze erreichbar \u00fcber Heinz-Beusen-Stieg Adresse Herrenhaus Ahrensburg Sven Leya | Gesch\u00e4ftsf\u00fchrer Hagener Allee 15 22926 Ahrensburg<\/p>\n","protected":false},"author":1,"featured_media":0,"parent":0,"menu_order":0,"comment_status":"closed","ping_status":"closed","template":"","meta":{"footnotes":""},"class_list":["post-20","page","type-page","status-publish","hentry"],"blocksy_meta":[],"yoast_head":"<!-- This site is optimized with the Yoast SEO plugin v26.2 - https:\/\/yoast.com\/wordpress\/plugins\/seo\/ -->\n<title>Kontakt - Herrenhaus-Ahrensburg<\/title>\n<meta name=\"robots\" content=\"index, follow, max-snippet:-1, max-image-preview:large, max-video-preview:-1\" \/>\n<link rel=\"canonical\" href=\"https:\/\/herrenhaus-ahrensburg.de\/?page_id=20\" \/>\n<meta property=\"og:locale\" content=\"en_US\" \/>\n<meta property=\"og:type\" content=\"article\" \/>\n<meta property=\"og:title\" content=\"Kontakt - Herrenhaus-Ahrensburg\" \/>\n<meta property=\"og:description\" content=\"&nbsp; So finden Sie uns &nbsp; Kontakt T +49 (0) 4102 \/ 498 53 37 F +49 (0) 4102 \/ 498 53 38 info@herrenhaus-ahrensburg.de \u00d6ffnungszeiten: Mo-Fr: 10:00 &#8211; 18:00 Uhr Sa: 10:00 &#8211; 16:00 Uhr Kundenparkpl\u00e4tze erreichbar \u00fcber Heinz-Beusen-Stieg Adresse Herrenhaus Ahrensburg Sven Leya | Gesch\u00e4ftsf\u00fchrer Hagener Allee 15 22926 Ahrensburg\" \/>\n<meta property=\"og:url\" content=\"https:\/\/herrenhaus-ahrensburg.de\/?page_id=20\" \/>\n<meta property=\"og:site_name\" content=\"Herrenhaus-Ahrensburg\" \/>\n<meta property=\"article:publisher\" content=\"https:\/\/www.facebook.com\/herrenhausahrensburg\/photos\/?_rdr\" \/>\n<meta property=\"article:modified_time\" content=\"2025-01-02T12:43:29+00:00\" \/>\n<meta property=\"og:image\" content=\"https:\/\/herrenhaus-ahrensburg.de\/wp-content\/uploads\/2024\/09\/herrenhaus-logo.png\" \/>\n\t<meta property=\"og:image:width\" content=\"280\" \/>\n\t<meta property=\"og:image:height\" content=\"134\" \/>\n\t<meta property=\"og:image:type\" content=\"image\/png\" \/>\n<meta name=\"twitter:card\" content=\"summary_large_image\" \/>\n<script type=\"application\/ld+json\" class=\"yoast-schema-graph\">{\"@context\":\"https:\/\/schema.org\",\"@graph\":[{\"@type\":\"WebPage\",\"@id\":\"https:\/\/herrenhaus-ahrensburg.de\/?page_id=20\",\"url\":\"https:\/\/herrenhaus-ahrensburg.de\/?page_id=20\",\"name\":\"Kontakt - Herrenhaus-Ahrensburg\",\"isPartOf\":{\"@id\":\"https:\/\/herrenhaus-ahrensburg.de\/#website\"},\"datePublished\":\"2024-09-02T14:28:21+00:00\",\"dateModified\":\"2025-01-02T12:43:29+00:00\",\"breadcrumb\":{\"@id\":\"https:\/\/herrenhaus-ahrensburg.de\/?page_id=20#breadcrumb\"},\"inLanguage\":\"en-US\",\"potentialAction\":[{\"@type\":\"ReadAction\",\"target\":[\"https:\/\/herrenhaus-ahrensburg.de\/?page_id=20\"]}]},{\"@type\":\"BreadcrumbList\",\"@id\":\"https:\/\/herrenhaus-ahrensburg.de\/?page_id=20#breadcrumb\",\"itemListElement\":[{\"@type\":\"ListItem\",\"position\":1,\"name\":\"Home\",\"item\":\"https:\/\/herrenhaus-ahrensburg.de\/\"},{\"@type\":\"ListItem\",\"position\":2,\"name\":\"Kontakt\"}]},{\"@type\":\"WebSite\",\"@id\":\"https:\/\/herrenhaus-ahrensburg.de\/#website\",\"url\":\"https:\/\/herrenhaus-ahrensburg.de\/\",\"name\":\"Herrenhaus-Ahrensburg\",\"description\":\"\",\"publisher\":{\"@id\":\"https:\/\/herrenhaus-ahrensburg.de\/#organization\"},\"potentialAction\":[{\"@type\":\"SearchAction\",\"target\":{\"@type\":\"EntryPoint\",\"urlTemplate\":\"https:\/\/herrenhaus-ahrensburg.de\/?s={search_term_string}\"},\"query-input\":{\"@type\":\"PropertyValueSpecification\",\"valueRequired\":true,\"valueName\":\"search_term_string\"}}],\"inLanguage\":\"en-US\"},{\"@type\":\"Organization\",\"@id\":\"https:\/\/herrenhaus-ahrensburg.de\/#organization\",\"name\":\"Herrenhaus-Ahrensburg\",\"url\":\"https:\/\/herrenhaus-ahrensburg.de\/\",\"logo\":{\"@type\":\"ImageObject\",\"inLanguage\":\"en-US\",\"@id\":\"https:\/\/herrenhaus-ahrensburg.de\/#\/schema\/logo\/image\/\",\"url\":\"https:\/\/herrenhaus-ahrensburg.de\/wp-content\/uploads\/2024\/09\/herrenhaus-logo-1.png\",\"contentUrl\":\"https:\/\/herrenhaus-ahrensburg.de\/wp-content\/uploads\/2024\/09\/herrenhaus-logo-1.png\",\"width\":80,\"height\":70,\"caption\":\"Herrenhaus-Ahrensburg\"},\"image\":{\"@id\":\"https:\/\/herrenhaus-ahrensburg.de\/#\/schema\/logo\/image\/\"},\"sameAs\":[\"https:\/\/www.facebook.com\/herrenhausahrensburg\/photos\/?_rdr\",\"https:\/\/www.instagram.com\/herrenhausahrensburg\/?hl=de\"]}]}<\/script>\n<!-- \/ Yoast SEO plugin. -->","yoast_head_json":{"title":"Kontakt - Herrenhaus-Ahrensburg","robots":{"index":"index","follow":"follow","max-snippet":"max-snippet:-1","max-image-preview":"max-image-preview:large","max-video-preview":"max-video-preview:-1"},"canonical":"https:\/\/herrenhaus-ahrensburg.de\/?page_id=20","og_locale":"en_US","og_type":"article","og_title":"Kontakt - Herrenhaus-Ahrensburg","og_description":"&nbsp; So finden Sie uns &nbsp; Kontakt T +49 (0) 4102 \/ 498 53 37 F +49 (0) 4102 \/ 498 53 38 info@herrenhaus-ahrensburg.de \u00d6ffnungszeiten: Mo-Fr: 10:00 &#8211; 18:00 Uhr Sa: 10:00 &#8211; 16:00 Uhr Kundenparkpl\u00e4tze erreichbar \u00fcber Heinz-Beusen-Stieg Adresse Herrenhaus Ahrensburg Sven Leya | Gesch\u00e4ftsf\u00fchrer Hagener Allee 15 22926 Ahrensburg","og_url":"https:\/\/herrenhaus-ahrensburg.de\/?page_id=20","og_site_name":"Herrenhaus-Ahrensburg","article_publisher":"https:\/\/www.facebook.com\/herrenhausahrensburg\/photos\/?_rdr","article_modified_time":"2025-01-02T12:43:29+00:00","og_image":[{"width":280,"height":134,"url":"https:\/\/herrenhaus-ahrensburg.de\/wp-content\/uploads\/2024\/09\/herrenhaus-logo.png","type":"image\/png"}],"twitter_card":"summary_large_image","schema":{"@context":"https:\/\/schema.org","@graph":[{"@type":"WebPage","@id":"https:\/\/herrenhaus-ahrensburg.de\/?page_id=20","url":"https:\/\/herrenhaus-ahrensburg.de\/?page_id=20","name":"Kontakt - Herrenhaus-Ahrensburg","isPartOf":{"@id":"https:\/\/herrenhaus-ahrensburg.de\/#website"},"datePublished":"2024-09-02T14:28:21+00:00","dateModified":"2025-01-02T12:43:29+00:00","breadcrumb":{"@id":"https:\/\/herrenhaus-ahrensburg.de\/?page_id=20#breadcrumb"},"inLanguage":"en-US","potentialAction":[{"@type":"ReadAction","target":["https:\/\/herrenhaus-ahrensburg.de\/?page_id=20"]}]},{"@type":"BreadcrumbList","@id":"https:\/\/herrenhaus-ahrensburg.de\/?page_id=20#breadcrumb","itemListElement":[{"@type":"ListItem","position":1,"name":"Home","item":"https:\/\/herrenhaus-ahrensburg.de\/"},{"@type":"ListItem","position":2,"name":"Kontakt"}]},{"@type":"WebSite","@id":"https:\/\/herrenhaus-ahrensburg.de\/#website","url":"https:\/\/herrenhaus-ahrensburg.de\/","name":"Herrenhaus-Ahrensburg","description":"","publisher":{"@id":"https:\/\/herrenhaus-ahrensburg.de\/#organization"},"potentialAction":[{"@type":"SearchAction","target":{"@type":"EntryPoint","urlTemplate":"https:\/\/herrenhaus-ahrensburg.de\/?s={search_term_string}"},"query-input":{"@type":"PropertyValueSpecification","valueRequired":true,"valueName":"search_term_string"}}],"inLanguage":"en-US"},{"@type":"Organization","@id":"https:\/\/herrenhaus-ahrensburg.de\/#organization","name":"Herrenhaus-Ahrensburg","url":"https:\/\/herrenhaus-ahrensburg.de\/","logo":{"@type":"ImageObject","inLanguage":"en-US","@id":"https:\/\/herrenhaus-ahrensburg.de\/#\/schema\/logo\/image\/","url":"https:\/\/herrenhaus-ahrensburg.de\/wp-content\/uploads\/2024\/09\/herrenhaus-logo-1.png","contentUrl":"https:\/\/herrenhaus-ahrensburg.de\/wp-content\/uploads\/2024\/09\/herrenhaus-logo-1.png","width":80,"height":70,"caption":"Herrenhaus-Ahrensburg"},"image":{"@id":"https:\/\/herrenhaus-ahrensburg.de\/#\/schema\/logo\/image\/"},"sameAs":["https:\/\/www.facebook.com\/herrenhausahrensburg\/photos\/?_rdr","https:\/\/www.instagram.com\/herrenhausahrensburg\/?hl=de"]}]}},"_links":{"self":[{"href":"https:\/\/herrenhaus-ahrensburg.de\/index.php?rest_route=\/wp\/v2\/pages\/20","targetHints":{"allow":["GET"]}}],"collection":[{"href":"https:\/\/herrenhaus-ahrensburg.de\/index.php?rest_route=\/wp\/v2\/pages"}],"about":[{"href":"https:\/\/herrenhaus-ahrensburg.de\/index.php?rest_route=\/wp\/v2\/types\/page"}],"author":[{"embeddable":true,"href":"https:\/\/herrenhaus-ahrensburg.de\/index.php?rest_route=\/wp\/v2\/users\/1"}],"replies":[{"embeddable":true,"href":"https:\/\/herrenhaus-ahrensburg.de\/index.php?rest_route=%2Fwp%2Fv2%2Fcomments&post=20"}],"version-history":[{"count":84,"href":"https:\/\/herrenhaus-ahrensburg.de\/index.php?rest_route=\/wp\/v2\/pages\/20\/revisions"}],"predecessor-version":[{"id":1293,"href":"https:\/\/herrenhaus-ahrensburg.de\/index.php?rest_route=\/wp\/v2\/pages\/20\/revisions\/1293"}],"wp:attachment":[{"href":"https:\/\/herrenhaus-ahrensburg.de\/index.php?rest_route=%2Fwp%2Fv2%2Fmedia&parent=20"}],"curies":[{"name":"wp","href":"https:\/\/api.w.org\/{rel}","templated":true}]}}