{"id":16,"date":"2024-09-02T14:28:21","date_gmt":"2024-09-02T14:28:21","guid":{"rendered":"http:\/\/localhost:8080\/?page_id=16"},"modified":"2025-01-02T15:21:19","modified_gmt":"2025-01-02T15:21:19","slug":"uber-uns","status":"publish","type":"page","link":"https:\/\/herrenhaus-ahrensburg.de\/?page_id=16","title":{"rendered":"\u00dcber Uns"},"content":{"rendered":"<div class=\"content-main--inner\">\n<div class=\"content--wrapper\">\n<div class=\"content listing--content\">\n<div class=\"hero-unit category--teaser panel\">\n<h1 class=\"hero--headline panel--title\" style=\"line-height:100%\">Willkommen im Herrenhaus Ahrensburg<\/h1>\n<div class=\"hero--text panel--body is--wide\">\n<p>Es ist heute nicht mehr sonderlich in Mode, Herrenh\u00e4user zu errichten \u2013&nbsp; aber vielleicht macht es Sinn, einen Ort zu schaffen, welcher ein Haus f\u00fcr Herren ist, die Ihre eigene Vorstellung von guter Bekleidung haben.<\/p>\n<p>&nbsp;Sven Leya, der auf f\u00fcnfzehn Jahre als Eink\u00e4ufer und Vertriebler im Traditionsunternehmen Ladage &amp; Oelke zur\u00fcckblickt, hat es&nbsp; sich zur Aufgabe gemacht, zeitlos personalisierten Stil nach Stormarn und die Waldd\u00f6rfer zu bringen. Hier findet der interessierte Kunde eine umfangreiche Auswahl an kernigen Freizeitjacken, britischen Tweed-Sakkos, farbigen Chinos und Wollhosen, Hemden aus bester Baumwolle, feinen Strickwaren und edlen Accessoires. Und wem das nicht reicht \u2013 ohne gutes Schuhwerk, geht kein Herr aus dem Haus \u2013 also auch daf\u00fcr wird gesorgt sein.<\/p>\n<\/div>\n<\/div>\n<div class=\"content--emotions\">\n<div class=\"emotion--wrapper\" data-controllerurl=\"\/widgets\/emotion\/index\/emotionId\/6\/controllerName\/listing\" data-availabledevices=\"0,1,2,3,4\" style=\"display: block;\">\n<section class=\"emotion--container emotion--column-4 emotion--mode-rows emotion--0\" data-emotion=\"true\" data-gridmode=\"rows\" data-fullscreen=\"false\" data-columns=\"4\" data-cellspacing=\"10\" data-cellheight=\"240\" data-basewidth=\"900\" style=\"margin-left: -0.625rem;\">\n<div class=\"emotion--sizer-xs col--1\" data-rows=\"2\" style=\"height: 500px;\"><\/div>\n<div class=\"emotion--sizer-s col--1\" data-rows=\"2\" style=\"height: 500px;\"><\/div>\n<div class=\"emotion--sizer-m col--1\" data-rows=\"2\" style=\"height: 500px;\"><\/div>\n<div class=\"emotion--sizer-l col--1\" data-rows=\"2\" style=\"height: 500px;\"><\/div>\n<div class=\"emotion--sizer-xl col--1\" data-rows=\"2\" style=\"height: 500px;\"><\/div>\n<div class=\"emotion--sizer col-1\" data-rows=\"1\" style=\"height: 250px;\"><\/div>\n<div class=\"hidden-elements\"><\/div>\n<div class=\"emotion--row row--1\">\n<div class=\"emotion--element col-1 row-1 start-col-1 start-row-1 col-xs-4 start-col-xs-1 row-xs-1 start-row-xs-1 col-s-4 start-col-s-1 row-s-1 start-row-s-1 col-m-4 start-col-m-1 row-m-1 start-row-m-1 col-l-2 start-col-l-2 row-l-1 start-row-l-1 col-xl-2 start-col-xl-2 row-xl-1 start-row-xl-1\" style=\"margin:auto;\">\n<div class=\"emotion--banner\" data-coverimage=\"true\" data-width=\"1920\" data-height=\"1280\">\n<div class=\"banner--content center\">\n<picture class=\"banner--image\"><source sizes=\"(min-width: 78.75em) calc(0.5 * 900px), (min-width: 64em) 50vw, (min-width: 48em) 100vw, (min-width: 30em) 100vw, 100vw\" srcset=\"\/wp-content\/uploads\/2024\/09\/Foto-Herrenhaus-1Cm0MJ20xUNdmW.jpeg 800w, \/wp-content\/uploads\/2024\/09\/Foto-Herrenhaus-1Cm0MJ20xUNdmW.jpeg 1280w, \/wp-content\/uploads\/2024\/09\/Foto-Herrenhaus-1Cm0MJ20xUNdmW.jpeg 1920w\" media=\"(min-resolution: 192dpi), (-webkit-min-device-pixel-ratio: 2)\"><source sizes=\"(min-width: 78.75em) calc(0.5 * 900px), (min-width: 64em) 50vw, (min-width: 48em) 100vw, (min-width: 30em) 100vw, 100vw\" srcset=\"\/wp-content\/uploads\/2024\/09\/Foto-Herrenhaus-1Cm0MJ20xUNdmW.jpeg 800w, \/wp-content\/uploads\/2024\/09\/Foto-Herrenhaus-1Cm0MJ20xUNdmW.jpeg 1280w, \/wp-content\/uploads\/2024\/09\/Foto-Herrenhaus-1Cm0MJ20xUNdmW.jpeg 1920w\"><img decoding=\"async\" src=\"\/wp-content\/uploads\/2024\/09\/Foto-Herrenhaus-1Cm0MJ20xUNdmW.jpeg\" srcset=\"\/wp-content\/uploads\/2024\/09\/Foto-Herrenhaus-1Cm0MJ20xUNdmW.jpeg 2x\" class=\"banner--image-src\">\n<\/picture>\n<\/div>\n<\/div>\n<\/div>\n<\/div>\n<div class=\"emotion--row row--2\">\n<div class=\"emotion--element col-1 row-1 start-col-1 start-row-1 col-xs-4 start-col-xs-1 row-xs-1 start-row-xs-2 col-s-4 start-col-s-1 row-s-1 start-row-s-2 col-m-4 start-col-m-1 row-m-1 start-row-m-2 col-l-2 start-col-l-2 row-l-1 start-row-l-2 col-xl-2 start-col-xl-2 row-xl-1 start-row-xl-2\" style=\"padding-left: 0.625rem; padding-bottom: 0.625rem; margin-left: 25%;\">\n<div class=\"emotion--html panel\">\n<div class=\"html--content\">\n<p style=\"text-align: center;\"><span style=\"text-align: center;\">Inhaber: Ewa und Sven Leya<\/span><\/p>\n<\/div>\n<\/div>\n<\/div>\n<\/div>\n<\/section>\n<\/div>\n<div class=\"emotion--wrapper is--fullscreen\" data-controllerurl=\"\/widgets\/emotion\/index\/emotionId\/7\/controllerName\/listing\" data-availabledevices=\"0,1,2,3,4\" style=\"display: block;\">\n<section class=\"emotion--container emotion--column-4 emotion--mode-rows emotion--0\" data-emotion=\"true\" data-gridmode=\"rows\" data-fullscreen=\"true\" data-columns=\"4\" data-cellspacing=\"0\" data-cellheight=\"240\" data-basewidth=\"900\" style=\"margin-left: 0rem;\">\n<div class=\"emotion--sizer-xs col--1\" data-rows=\"4\" style=\"height: 960px;\"><\/div>\n<div class=\"emotion--sizer-s col--1\" data-rows=\"4\" style=\"height: 960px;\"><\/div>\n<div class=\"emotion--sizer-m col--1\" data-rows=\"2\" style=\"height: 480px;\"><\/div>\n<div class=\"emotion--sizer-l col--1\" data-rows=\"2\" style=\"height: 480px;\"><\/div>\n<div class=\"emotion--sizer-xl col--1\" data-rows=\"1\" style=\"height: 240px;\"><\/div>\n<div class=\"emotion--sizer col-1\" data-rows=\"1\" style=\"height: 240px;\"><\/div>\n<div class=\"hidden-elements\">\n<\/div>\n<div class=\"emotion--row row--1\">\n<div class=\"emotion--element col-1 row-1 start-col-1 start-row-1 col-xs-4 start-col-xs-1 row-xs-1 start-row-xs-1 col-s-4 start-col-s-1 row-s-1 start-row-s-1 col-m-2 start-col-m-1 row-m-1 start-row-m-1 col-l-2 start-col-l-1 row-l-1 start-row-l-1 col-xl-1 start-col-xl-1 row-xl-1 start-row-xl-1\" style=\"padding-left: 0rem; padding-bottom: 0rem; margin-left: inherit;\">\n<div class=\"emotion--banner\" data-coverimage=\"true\" data-width=\"800\" data-height=\"533\">\n<div class=\"banner--content center\">\n<picture class=\"banner--image\"><source sizes=\"(min-width: 78.75em) 25vw, (min-width: 64em) 50vw, (min-width: 48em) 50vw, (min-width: 30em) 100vw, 100vw\" srcset=\"\/wp-content\/uploads\/2024\/09\/stylisch-altmodisch_800x800@2x.jpeg 800w, \/wp-content\/uploads\/2024\/09\/stylisch-altmodisch_800x800@2x.jpeg 1280w, \/wp-content\/uploads\/2024\/09\/stylisch-altmodisch_800x800@2x.jpeg 1920w\" media=\"(min-resolution: 192dpi), (-webkit-min-device-pixel-ratio: 2)\"><source sizes=\"(min-width: 78.75em) 25vw, (min-width: 64em) 50vw, (min-width: 48em) 50vw, (min-width: 30em) 100vw, 100vw\" srcset=\"\/wp-content\/uploads\/2024\/09\/stylisch-altmodisch_800x800@2x.jpeg 800w, \/wp-content\/uploads\/2024\/09\/stylisch-altmodisch_800x800@2x.jpeg 1280w, \/wp-content\/uploads\/2024\/09\/stylisch-altmodisch_800x800@2x.jpeg 1920w\"><img decoding=\"async\" src=\"\/wp-content\/uploads\/2024\/09\/stylisch-altmodisch_800x800@2x.jpeg\" srcset=\"\/wp-content\/uploads\/2024\/09\/stylisch-altmodisch_800x800@2x.jpeg 2x\" class=\"banner--image-src\">\n<\/picture>\n<\/div>\n<\/div>\n<\/div>\n<div class=\"emotion--element col-1 row-1 start-col-1 start-row-1 col-xs-4 start-col-xs-1 row-xs-1 start-row-xs-2 col-s-4 start-col-s-1 row-s-1 start-row-s-2 col-m-2 start-col-m-3 row-m-1 start-row-m-1 col-l-2 start-col-l-3 row-l-1 start-row-l-1 col-xl-1 start-col-xl-2 row-xl-1 start-row-xl-1\" style=\"padding-left: 0rem; padding-bottom: 0rem; margin-left: inherit;\">\n<div class=\"emotion--banner\" data-coverimage=\"true\" data-width=\"800\" data-height=\"533\">\n<div class=\"banner--content center\">\n<picture class=\"banner--image\"><source sizes=\"(min-width: 78.75em) 25vw, (min-width: 64em) 50vw, (min-width: 48em) 50vw, (min-width: 30em) 100vw, 100vw\" srcset=\"\/wp-content\/uploads\/2025\/01\/stylisch-privat_800x800@2x.jpg 800w, \/wp-content\/uploads\/2025\/01\/stylisch-privat_800x800@2x.jpg 1280w, \/wp-content\/uploads\/2025\/01\/stylisch-privat_800x800@2x.jpg 1920w\" media=\"(min-resolution: 192dpi), (-webkit-min-device-pixel-ratio: 2)\"><source sizes=\"(min-width: 78.75em) 25vw, (min-width: 64em) 50vw, (min-width: 48em) 50vw, (min-width: 30em) 100vw, 100vw\" srcset=\"\/wp-content\/uploads\/2025\/01\/stylisch-privat_800x800@2x.jpg 800w, \/wp-content\/uploads\/2025\/01\/stylisch-privat_800x800@2x.jpg 1280w, \/wp-content\/uploads\/2025\/01\/stylisch-privat_800x800@2x.jpg 1920w\"><img decoding=\"async\" src=\"\/wp-content\/uploads\/2025\/01\/stylisch-privat_800x800@2x.jpg\" srcset=\"\/wp-content\/uploads\/2025\/01\/stylisch-privat_800x800@2x.jpg 2x\" class=\"banner--image-src\">\n<\/picture>\n<\/div>\n<\/div>\n<\/div>\n<div class=\"emotion--element col-1 row-1 start-col-1 start-row-1 col-xs-4 start-col-xs-1 row-xs-1 start-row-xs-3 col-s-4 start-col-s-1 row-s-1 start-row-s-3 col-m-2 start-col-m-1 row-m-1 start-row-m-2 col-l-2 start-col-l-1 row-l-1 start-row-l-2 col-xl-1 start-col-xl-3 row-xl-1 start-row-xl-1\" style=\"padding-left: 0rem; padding-bottom: 0rem; margin-left: inherit;\">\n<div class=\"emotion--banner\" data-coverimage=\"true\" data-width=\"800\" data-height=\"533\">\n<div class=\"banner--content center\"><picture class=\"banner--image\"><source sizes=\"(min-width: 78.75em) 25vw, (min-width: 64em) 50vw, (min-width: 48em) 50vw, (min-width: 30em) 100vw, 100vw\" srcset=\"\/wp-content\/uploads\/2025\/01\/stylisch-hemden_800x800@2x.jpg 800w, \/wp-content\/uploads\/2025\/01\/stylisch-hemden_800x800@2x.jpg 1280w, \/wp-content\/uploads\/2025\/01\/stylisch-hemden_800x800@2x.jpg 1920w\" media=\"(min-resolution: 192dpi), (-webkit-min-device-pixel-ratio: 2)\"><source sizes=\"(min-width: 78.75em) 25vw, (min-width: 64em) 50vw, (min-width: 48em) 50vw, (min-width: 30em) 100vw, 100vw\" srcset=\"\/wp-content\/uploads\/2025\/01\/stylisch-hemden_800x800@2x.jpg 800w, \/wp-content\/uploads\/2025\/01\/stylisch-hemden_800x800@2x.jpg 1280w, \/wp-content\/uploads\/2025\/01\/stylisch-hemden_800x800@2x.jpg 1920w\"><img decoding=\"async\" src=\"\/wp-content\/uploads\/2025\/01\/stylisch-hemden_800x800@2x.jpg\" srcset=\"\/wp-content\/uploads\/2025\/01\/stylisch-hemden_800x800@2x.jpg 2x\" class=\"banner--image-src\">\n<\/picture>\n<\/div>\n<\/div>\n<\/div>\n<div class=\"emotion--element col-1 row-1 start-col-1 start-row-1 col-xs-4 start-col-xs-1 row-xs-1 start-row-xs-4 col-s-4 start-col-s-1 row-s-1 start-row-s-4 col-m-2 start-col-m-3 row-m-1 start-row-m-2 col-l-2 start-col-l-3 row-l-1 start-row-l-2 col-xl-1 start-col-xl-4 row-xl-1 start-row-xl-1\" style=\"padding-left: 0rem; padding-bottom: 0rem; margin-left: inherit;\">\n<div class=\"emotion--banner\" data-coverimage=\"true\" data-width=\"800\" data-height=\"533\">\n<div class=\"banner--content center\">\n<picture class=\"banner--image\"><source sizes=\"(min-width: 78.75em) 25vw, (min-width: 64em) 50vw, (min-width: 48em) 50vw, (min-width: 30em) 100vw, 100vw\" srcset=\"\/wp-content\/uploads\/2024\/09\/stylisch-hosentraeger_800x800@2x.jpeg 800w, \/wp-content\/uploads\/2024\/09\/stylisch-hosentraeger_800x800@2x.jpeg 1280w, \/wp-content\/uploads\/2024\/09\/stylisch-hosentraeger_800x800@2x.jpeg 1920w\" media=\"(min-resolution: 192dpi), (-webkit-min-device-pixel-ratio: 2)\"><source sizes=\"(min-width: 78.75em) 25vw, (min-width: 64em) 50vw, (min-width: 48em) 50vw, (min-width: 30em) 100vw, 100vw\" srcset=\"\/wp-content\/uploads\/2024\/09\/stylisch-hosentraeger_800x800@2x.jpeg 800w, \/wp-content\/uploads\/2024\/09\/stylisch-hosentraeger_800x800@2x.jpeg 1280w, \/wp-content\/uploads\/2024\/09\/stylisch-hosentraeger_800x800@2x.jpeg 1920w\"><img decoding=\"async\" src=\"\/wp-content\/uploads\/2024\/09\/stylisch-hosentraeger_800x800@2x.jpeg\" srcset=\"\/wp-content\/uploads\/2024\/09\/stylisch-hosentraeger_800x800@2x.jpeg 2x\" class=\"banner--image-src\">\n<\/picture>\n<\/div>\n<\/div>\n<\/div>\n<\/div>\n<\/section>\n<\/div>\n<div class=\"emotion--wrapper\" data-controllerurl=\"\/widgets\/emotion\/index\/emotionId\/8\/controllerName\/listing\" data-availabledevices=\"0,1,2,3,4\" style=\"display: block;\">\n<section class=\"emotion--container emotion--column-4 emotion--mode-rows emotion--0\" data-emotion=\"true\" data-gridmode=\"rows\" data-fullscreen=\"false\" data-columns=\"4\" data-cellspacing=\"10\" data-cellheight=\"240\" data-basewidth=\"900\" style=\"margin-left: -0.625rem;\">\n<div class=\"emotion--sizer-xs col--1\" data-rows=\"1\" style=\"height: 250px;\">\n<\/div>\n<div class=\"emotion--sizer-s col--1\" data-rows=\"1\" style=\"height: 250px;\"><\/div>\n<div class=\"emotion--sizer-m col--1\" data-rows=\"1\" style=\"height: 250px;\"><\/div>\n<div class=\"emotion--sizer-l col--1\" data-rows=\"1\" style=\"height: 250px;\"><\/div>\n<div class=\"emotion--sizer-xl col--1\" data-rows=\"1\" style=\"height: 250px;\"><\/div>\n<div class=\"emotion--sizer col-1\" data-rows=\"1\" style=\"height: 250px;\"><\/div>\n<div class=\"hidden-elements\"><\/div>\n<div class=\"emotion--row row--1\">\n<div class=\"emotion--element col-1 row-1 start-col-1 start-row-1 col-xs-4 start-col-xs-1 row-xs-1 start-row-xs-1 col-s-4 start-col-s-1 row-s-1 start-row-s-1 col-m-4 start-col-m-1 row-m-1 start-row-m-1 col-l-4 start-col-l-1 row-l-1 start-row-l-1 col-xl-4 start-col-xl-1 row-xl-1 start-row-xl-1\" style=\"padding-left: 0.625rem; padding-bottom: 0.625rem; margin-left: inherit;\">\n<div class=\"emotion--html panel\">\n<div class=\"html--content\">\n<h3 style=\"text-align: center; margin-top: 2rem;\">Personal Shopping<\/h3>\n<h2 style=\"text-align: center;\"><a style=\"background-image: url('..\/default\/img\/items.gif');\" name=\"KeineZeit?WirkommenzuIhnen!\"><\/a>Keine Zeit? Wir kommen zu Ihnen!<\/h2>\n<p style=\"text-align: center;\">Eine wichtige Festlichkeit r\u00fcckt n\u00e4her? Die neue Position erfordert eine entsprechende textile Wandlung?<br \/>Ihr Terminkalender ist voll?<\/p>\n<p style=\"text-align: center;\">Kein Problem \u2013 ob im B\u00fcro oder bei Ihnen zu Hause, wir kommen gerne zu Ihnen.<br \/>Dort bieten wir Ihnen die M\u00f6glichkeit, ganz in Ruhe unterschiedliche Outfits zu Probieren.<\/p>\n<h2 style=\"text-align: center;\"><a style=\"background-image: url('..\/default\/img\/items.gif');\" name=\"GuterRatistnichtimmerteuer\u2026\"><\/a>Guter Rat ist nicht immer teuer\u2026<\/h2>\n<p style=\"text-align: center;\">Gerne bieten wir Ihnen bei Ihnen Vorort oder in unserem Gesch\u00e4ft eine kostenlose Stilberatung an. Dazu beziehen wir bei Bedarf auch Kleidungsst\u00fccke mit ein, die sich bereits in Ihrem Schrank befinden.<\/p>\n<h2 style=\"text-align: center;\"><a style=\"background-image: url('..\/default\/img\/items.gif');\" name=\"PersonalShoppingMonday\"><\/a>Personal-Shopping-Monday<\/h2>\n<p style=\"text-align: center;\">Sie m\u00f6chten gerne selbst einkaufen, sind aber unsicher, welche L\u00e4den Sie bestenfalls ansteuern sollten?&nbsp;<br \/>Gerne bieten wir Ihnen die M\u00f6glichkeit, mit Ihnen auf Tour zu gehen. (\u20ac 80,-\/ Std.)<\/p>\n<p style=\"text-align: center;\">Falls Sie einen unserer Dienste in Anspruch nehmen m\u00f6chten, stehen wir Ihnen gerne telefonisch oder schriftlich f\u00fcr Fragen oder ein Vorab-Gespr\u00e4ch zu Verf\u00fcgung.<\/p>\n<\/div>\n<\/div>\n<\/div>\n<\/div>\n<\/section>\n<\/div>\n<\/div>\n<\/div>\n<\/div>\n<div id=\"cookie-consent\" class=\"off-canvas is--left\" data-cookie-consent-manager=\"true\">\n<div class=\"cookie-consent--header cookie-consent--close\">\nCookie-Einstellungen<br \/>\n<i class=\"icon--arrow-right\"><\/i>\n<\/div>\n<div class=\"cookie-consent--description\">\nDiese Website benutzt Cookies, die f\u00fcr den technischen Betrieb der Website erforderlich sind und stets gesetzt werden. Andere Cookies, die den Komfort bei Benutzung dieser Website erh\u00f6hen, der Direktwerbung dienen oder die Interaktion mit anderen Websites und sozialen Netzwerken vereinfachen sollen, werden nur mit Ihrer Zustimmung gesetzt.\n<\/div>\n<\/div>\n<div class=\"last-seen-products is--hidden\" data-last-seen-products=\"true\">\n<div class=\"last-seen-products--title\">\nZuletzt angesehen\n<\/div>\n<div class=\"last-seen-products--slider product-slider\" data-product-slider=\"true\">\n<div class=\"last-seen-products--container product-slider--container is--horizontal\"><\/div>\n<\/div>\n<\/div>\n<\/div>\n","protected":false},"excerpt":{"rendered":"<p>Willkommen im Herrenhaus Ahrensburg Es ist heute nicht mehr sonderlich in Mode, Herrenh\u00e4user zu errichten \u2013&nbsp; aber vielleicht macht es Sinn, einen Ort zu schaffen, welcher ein Haus f\u00fcr Herren ist, die Ihre eigene Vorstellung von guter Bekleidung haben. &nbsp;Sven Leya, der auf f\u00fcnfzehn Jahre als Eink\u00e4ufer und Vertriebler im Traditionsunternehmen Ladage &amp; Oelke zur\u00fcckblickt, [&hellip;]<\/p>\n","protected":false},"author":1,"featured_media":0,"parent":0,"menu_order":0,"comment_status":"closed","ping_status":"closed","template":"","meta":{"footnotes":""},"class_list":["post-16","page","type-page","status-publish","hentry"],"blocksy_meta":[],"yoast_head":"<!-- This site is optimized with the Yoast SEO plugin v26.2 - https:\/\/yoast.com\/wordpress\/plugins\/seo\/ -->\n<title>\u00dcber Uns - Herrenhaus-Ahrensburg<\/title>\n<meta name=\"robots\" content=\"index, follow, max-snippet:-1, max-image-preview:large, max-video-preview:-1\" \/>\n<link rel=\"canonical\" href=\"https:\/\/herrenhaus-ahrensburg.de\/?page_id=16\" \/>\n<meta property=\"og:locale\" content=\"en_US\" \/>\n<meta property=\"og:type\" content=\"article\" \/>\n<meta property=\"og:title\" content=\"\u00dcber Uns - Herrenhaus-Ahrensburg\" \/>\n<meta property=\"og:description\" content=\"Willkommen im Herrenhaus Ahrensburg Es ist heute nicht mehr sonderlich in Mode, Herrenh\u00e4user zu errichten \u2013&nbsp; aber vielleicht macht es Sinn, einen Ort zu schaffen, welcher ein Haus f\u00fcr Herren ist, die Ihre eigene Vorstellung von guter Bekleidung haben. &nbsp;Sven Leya, der auf f\u00fcnfzehn Jahre als Eink\u00e4ufer und Vertriebler im Traditionsunternehmen Ladage &amp; Oelke zur\u00fcckblickt, [&hellip;]\" \/>\n<meta property=\"og:url\" content=\"https:\/\/herrenhaus-ahrensburg.de\/?page_id=16\" \/>\n<meta property=\"og:site_name\" content=\"Herrenhaus-Ahrensburg\" \/>\n<meta property=\"article:publisher\" content=\"https:\/\/www.facebook.com\/herrenhausahrensburg\/photos\/?_rdr\" \/>\n<meta property=\"article:modified_time\" content=\"2025-01-02T15:21:19+00:00\" \/>\n<meta property=\"og:image\" content=\"https:\/\/herrenhaus-ahrensburg.de\/wp-content\/uploads\/2024\/09\/herrenhaus-logo.png\" \/>\n\t<meta property=\"og:image:width\" content=\"280\" \/>\n\t<meta property=\"og:image:height\" content=\"134\" \/>\n\t<meta property=\"og:image:type\" content=\"image\/png\" \/>\n<meta name=\"twitter:card\" content=\"summary_large_image\" \/>\n<meta name=\"twitter:label1\" content=\"Est. reading time\" \/>\n\t<meta name=\"twitter:data1\" content=\"2 minutes\" \/>\n<script type=\"application\/ld+json\" class=\"yoast-schema-graph\">{\"@context\":\"https:\/\/schema.org\",\"@graph\":[{\"@type\":\"WebPage\",\"@id\":\"https:\/\/herrenhaus-ahrensburg.de\/?page_id=16\",\"url\":\"https:\/\/herrenhaus-ahrensburg.de\/?page_id=16\",\"name\":\"\u00dcber Uns - Herrenhaus-Ahrensburg\",\"isPartOf\":{\"@id\":\"https:\/\/herrenhaus-ahrensburg.de\/#website\"},\"datePublished\":\"2024-09-02T14:28:21+00:00\",\"dateModified\":\"2025-01-02T15:21:19+00:00\",\"breadcrumb\":{\"@id\":\"https:\/\/herrenhaus-ahrensburg.de\/?page_id=16#breadcrumb\"},\"inLanguage\":\"en-US\",\"potentialAction\":[{\"@type\":\"ReadAction\",\"target\":[\"https:\/\/herrenhaus-ahrensburg.de\/?page_id=16\"]}]},{\"@type\":\"BreadcrumbList\",\"@id\":\"https:\/\/herrenhaus-ahrensburg.de\/?page_id=16#breadcrumb\",\"itemListElement\":[{\"@type\":\"ListItem\",\"position\":1,\"name\":\"Home\",\"item\":\"https:\/\/herrenhaus-ahrensburg.de\/\"},{\"@type\":\"ListItem\",\"position\":2,\"name\":\"\u00dcber Uns\"}]},{\"@type\":\"WebSite\",\"@id\":\"https:\/\/herrenhaus-ahrensburg.de\/#website\",\"url\":\"https:\/\/herrenhaus-ahrensburg.de\/\",\"name\":\"Herrenhaus-Ahrensburg\",\"description\":\"\",\"publisher\":{\"@id\":\"https:\/\/herrenhaus-ahrensburg.de\/#organization\"},\"potentialAction\":[{\"@type\":\"SearchAction\",\"target\":{\"@type\":\"EntryPoint\",\"urlTemplate\":\"https:\/\/herrenhaus-ahrensburg.de\/?s={search_term_string}\"},\"query-input\":{\"@type\":\"PropertyValueSpecification\",\"valueRequired\":true,\"valueName\":\"search_term_string\"}}],\"inLanguage\":\"en-US\"},{\"@type\":\"Organization\",\"@id\":\"https:\/\/herrenhaus-ahrensburg.de\/#organization\",\"name\":\"Herrenhaus-Ahrensburg\",\"url\":\"https:\/\/herrenhaus-ahrensburg.de\/\",\"logo\":{\"@type\":\"ImageObject\",\"inLanguage\":\"en-US\",\"@id\":\"https:\/\/herrenhaus-ahrensburg.de\/#\/schema\/logo\/image\/\",\"url\":\"https:\/\/herrenhaus-ahrensburg.de\/wp-content\/uploads\/2024\/09\/herrenhaus-logo-1.png\",\"contentUrl\":\"https:\/\/herrenhaus-ahrensburg.de\/wp-content\/uploads\/2024\/09\/herrenhaus-logo-1.png\",\"width\":80,\"height\":70,\"caption\":\"Herrenhaus-Ahrensburg\"},\"image\":{\"@id\":\"https:\/\/herrenhaus-ahrensburg.de\/#\/schema\/logo\/image\/\"},\"sameAs\":[\"https:\/\/www.facebook.com\/herrenhausahrensburg\/photos\/?_rdr\",\"https:\/\/www.instagram.com\/herrenhausahrensburg\/?hl=de\"]}]}<\/script>\n<!-- \/ Yoast SEO plugin. -->","yoast_head_json":{"title":"\u00dcber Uns - Herrenhaus-Ahrensburg","robots":{"index":"index","follow":"follow","max-snippet":"max-snippet:-1","max-image-preview":"max-image-preview:large","max-video-preview":"max-video-preview:-1"},"canonical":"https:\/\/herrenhaus-ahrensburg.de\/?page_id=16","og_locale":"en_US","og_type":"article","og_title":"\u00dcber Uns - Herrenhaus-Ahrensburg","og_description":"Willkommen im Herrenhaus Ahrensburg Es ist heute nicht mehr sonderlich in Mode, Herrenh\u00e4user zu errichten \u2013&nbsp; aber vielleicht macht es Sinn, einen Ort zu schaffen, welcher ein Haus f\u00fcr Herren ist, die Ihre eigene Vorstellung von guter Bekleidung haben. &nbsp;Sven Leya, der auf f\u00fcnfzehn Jahre als Eink\u00e4ufer und Vertriebler im Traditionsunternehmen Ladage &amp; Oelke zur\u00fcckblickt, [&hellip;]","og_url":"https:\/\/herrenhaus-ahrensburg.de\/?page_id=16","og_site_name":"Herrenhaus-Ahrensburg","article_publisher":"https:\/\/www.facebook.com\/herrenhausahrensburg\/photos\/?_rdr","article_modified_time":"2025-01-02T15:21:19+00:00","og_image":[{"width":280,"height":134,"url":"https:\/\/herrenhaus-ahrensburg.de\/wp-content\/uploads\/2024\/09\/herrenhaus-logo.png","type":"image\/png"}],"twitter_card":"summary_large_image","twitter_misc":{"Est. reading time":"2 minutes"},"schema":{"@context":"https:\/\/schema.org","@graph":[{"@type":"WebPage","@id":"https:\/\/herrenhaus-ahrensburg.de\/?page_id=16","url":"https:\/\/herrenhaus-ahrensburg.de\/?page_id=16","name":"\u00dcber Uns - Herrenhaus-Ahrensburg","isPartOf":{"@id":"https:\/\/herrenhaus-ahrensburg.de\/#website"},"datePublished":"2024-09-02T14:28:21+00:00","dateModified":"2025-01-02T15:21:19+00:00","breadcrumb":{"@id":"https:\/\/herrenhaus-ahrensburg.de\/?page_id=16#breadcrumb"},"inLanguage":"en-US","potentialAction":[{"@type":"ReadAction","target":["https:\/\/herrenhaus-ahrensburg.de\/?page_id=16"]}]},{"@type":"BreadcrumbList","@id":"https:\/\/herrenhaus-ahrensburg.de\/?page_id=16#breadcrumb","itemListElement":[{"@type":"ListItem","position":1,"name":"Home","item":"https:\/\/herrenhaus-ahrensburg.de\/"},{"@type":"ListItem","position":2,"name":"\u00dcber Uns"}]},{"@type":"WebSite","@id":"https:\/\/herrenhaus-ahrensburg.de\/#website","url":"https:\/\/herrenhaus-ahrensburg.de\/","name":"Herrenhaus-Ahrensburg","description":"","publisher":{"@id":"https:\/\/herrenhaus-ahrensburg.de\/#organization"},"potentialAction":[{"@type":"SearchAction","target":{"@type":"EntryPoint","urlTemplate":"https:\/\/herrenhaus-ahrensburg.de\/?s={search_term_string}"},"query-input":{"@type":"PropertyValueSpecification","valueRequired":true,"valueName":"search_term_string"}}],"inLanguage":"en-US"},{"@type":"Organization","@id":"https:\/\/herrenhaus-ahrensburg.de\/#organization","name":"Herrenhaus-Ahrensburg","url":"https:\/\/herrenhaus-ahrensburg.de\/","logo":{"@type":"ImageObject","inLanguage":"en-US","@id":"https:\/\/herrenhaus-ahrensburg.de\/#\/schema\/logo\/image\/","url":"https:\/\/herrenhaus-ahrensburg.de\/wp-content\/uploads\/2024\/09\/herrenhaus-logo-1.png","contentUrl":"https:\/\/herrenhaus-ahrensburg.de\/wp-content\/uploads\/2024\/09\/herrenhaus-logo-1.png","width":80,"height":70,"caption":"Herrenhaus-Ahrensburg"},"image":{"@id":"https:\/\/herrenhaus-ahrensburg.de\/#\/schema\/logo\/image\/"},"sameAs":["https:\/\/www.facebook.com\/herrenhausahrensburg\/photos\/?_rdr","https:\/\/www.instagram.com\/herrenhausahrensburg\/?hl=de"]}]}},"_links":{"self":[{"href":"https:\/\/herrenhaus-ahrensburg.de\/index.php?rest_route=\/wp\/v2\/pages\/16","targetHints":{"allow":["GET"]}}],"collection":[{"href":"https:\/\/herrenhaus-ahrensburg.de\/index.php?rest_route=\/wp\/v2\/pages"}],"about":[{"href":"https:\/\/herrenhaus-ahrensburg.de\/index.php?rest_route=\/wp\/v2\/types\/page"}],"author":[{"embeddable":true,"href":"https:\/\/herrenhaus-ahrensburg.de\/index.php?rest_route=\/wp\/v2\/users\/1"}],"replies":[{"embeddable":true,"href":"https:\/\/herrenhaus-ahrensburg.de\/index.php?rest_route=%2Fwp%2Fv2%2Fcomments&post=16"}],"version-history":[{"count":29,"href":"https:\/\/herrenhaus-ahrensburg.de\/index.php?rest_route=\/wp\/v2\/pages\/16\/revisions"}],"predecessor-version":[{"id":1371,"href":"https:\/\/herrenhaus-ahrensburg.de\/index.php?rest_route=\/wp\/v2\/pages\/16\/revisions\/1371"}],"wp:attachment":[{"href":"https:\/\/herrenhaus-ahrensburg.de\/index.php?rest_route=%2Fwp%2Fv2%2Fmedia&parent=16"}],"curies":[{"name":"wp","href":"https:\/\/api.w.org\/{rel}","templated":true}]}}